{"id":7547,"date":"2023-06-12T20:51:09","date_gmt":"2023-06-12T20:51:09","guid":{"rendered":"https:\/\/cortenart.majacodelab.com\/?page_id=7547"},"modified":"2023-06-27T23:23:40","modified_gmt":"2023-06-27T23:23:40","slug":"kindergarten-pcelica","status":"publish","type":"page","link":"https:\/\/cortenart.rs\/en\/kindergarten-pcelica\/","title":{"rendered":"KINDERGARTEN PCELICA"},"content":{"rendered":"\t\t<div data-elementor-type=\"wp-page\" data-elementor-id=\"7547\" class=\"elementor elementor-7547\" data-elementor-post-type=\"page\">\n\t\t\t\t\t\t<section class=\"elementor-section elementor-top-section elementor-element elementor-element-1eecfe25 elementor-section-boxed elementor-section-height-default elementor-section-height-default\" data-id=\"1eecfe25\" data-element_type=\"section\" data-e-type=\"section\">\n\t\t\t\t\t\t<div class=\"elementor-container elementor-column-gap-default\">\n\t\t\t\t\t<div class=\"elementor-column elementor-col-100 elementor-top-column elementor-element elementor-element-7d62ca92\" data-id=\"7d62ca92\" data-element_type=\"column\" data-e-type=\"column\">\n\t\t\t<div class=\"elementor-widget-wrap elementor-element-populated\">\n\t\t\t\t\t\t<section class=\"elementor-section elementor-inner-section elementor-element elementor-element-64c08553 elementor-section-boxed elementor-section-height-default elementor-section-height-default\" data-id=\"64c08553\" data-element_type=\"section\" data-e-type=\"section\">\n\t\t\t\t\t\t<div class=\"elementor-container elementor-column-gap-default\">\n\t\t\t\t\t<div class=\"elementor-column elementor-col-100 elementor-inner-column elementor-element elementor-element-52f92a8d\" data-id=\"52f92a8d\" data-element_type=\"column\" data-e-type=\"column\">\n\t\t\t<div class=\"elementor-widget-wrap elementor-element-populated\">\n\t\t\t\t\t\t<div class=\"elementor-element elementor-element-281597c elementor-widget elementor-widget-video\" data-id=\"281597c\" data-element_type=\"widget\" data-e-type=\"widget\" data-settings=\"{&quot;video_type&quot;:&quot;hosted&quot;,&quot;autoplay&quot;:&quot;yes&quot;}\" data-widget_type=\"video.default\">\n\t\t\t\t\t\t\t<div class=\"e-hosted-video elementor-wrapper elementor-open-inline\">\n\t\t\t\t\t<video class=\"elementor-video\" src=\"https:\/\/cortenart.rs\/wp-content\/uploads\/2023\/06\/VID_20200305_135200.mp4\" autoplay=\"\" controlsList=\"nodownload\"><\/video>\n\t\t\t\t<\/div>\n\t\t\t\t\t\t<\/div>\n\t\t\t\t<section class=\"elementor-section elementor-inner-section elementor-element elementor-element-4b5792f3 elementor-section-boxed elementor-section-height-default elementor-section-height-default\" data-id=\"4b5792f3\" data-element_type=\"section\" data-e-type=\"section\">\n\t\t\t\t\t\t<div class=\"elementor-container elementor-column-gap-default\">\n\t\t\t\t\t<div class=\"elementor-column elementor-col-100 elementor-inner-column elementor-element elementor-element-63e6b87f\" data-id=\"63e6b87f\" data-element_type=\"column\" data-e-type=\"column\" data-settings=\"{&quot;background_background&quot;:&quot;classic&quot;}\">\n\t\t\t<div class=\"elementor-widget-wrap elementor-element-populated\">\n\t\t\t\t\t\t<div class=\"elementor-element elementor-element-7408987b project-layout6 elementor-widget elementor-widget-rt-title\" data-id=\"7408987b\" data-element_type=\"widget\" data-e-type=\"widget\" data-widget_type=\"rt-title.default\">\n\t\t\t\t<div class=\"elementor-widget-container\">\n\t\t\t\t\t\r\n<div class=\"section-heading project-content\">\r\n\t    <div class=\"section-sub-title sub-title has-animation\">PLAYGROUND<\/div>\r\n    <h2  class=\"section-title title has-animation\">KINDERGARTEN PCELICA<\/h2>        <div class=\"section-paragraph description has-animation\"><p>Corten Art is a socially responsible company that has demonstrated its commitment to the local community through various philanthropic initiatives. One such initiative involves the donation of two children's playgrounds to local preschools, \"Na\u0161e dete\" and \"Vrti\u0107 p\u010delica\".<br \/>The playgrounds were specifically designed to meet the needs and safety standards of young children. <br \/>Corten Art's design team carefully considered the appropriate materials and equipment to ensure that the playgrounds were both safe and stimulating for the children. The company also paid special attention to the aesthetic aspect of the playgrounds, making sure they fit in well with the surrounding environment and added to the overall beauty of the community.<br \/>The donation of the playgrounds to the preschools has been highly appreciated by the local community, as they recognize the importance of providing a safe and enjoyable environment for children to play and learn. <br \/>Corten Art's contribution to this cause demonstrates its commitment to the community and its desire to make a positive impact on the lives of the people who live there. In addition to the playgrounds, Corten Art has also contributed to other charitable causes, such as donating furniture and equipment to local schools, sponsoring community events, and supporting various non-profit organizations. The company recognizes the importance of giving back to the community and is committed to using its resources to help those in need. Overall, Corten Art's dedication to philanthropy is a testament to its values and its desire to make a positive impact on the world around it. <br \/>Through its charitable initiatives, the company is not only helping those in need, but also inspiring others to follow its lead and make a difference in their own communities.<\/p><\/div>\r\n\t<\/div>\t\t\t\t<\/div>\n\t\t\t\t<\/div>\n\t\t\t\t\t<\/div>\n\t\t<\/div>\n\t\t\t\t\t<\/div>\n\t\t<\/section>\n\t\t\t\t\t<\/div>\n\t\t<\/div>\n\t\t\t\t\t<\/div>\n\t\t<\/section>\n\t\t\t\t\t<\/div>\n\t\t<\/div>\n\t\t\t\t\t<\/div>\n\t\t<\/section>\n\t\t\t\t<section class=\"elementor-section elementor-top-section elementor-element elementor-element-7796498a elementor-section-boxed elementor-section-height-default elementor-section-height-default\" data-id=\"7796498a\" data-element_type=\"section\" data-e-type=\"section\">\n\t\t\t\t\t\t<div class=\"elementor-container elementor-column-gap-default\">\n\t\t\t\t\t<div class=\"elementor-column elementor-col-100 elementor-top-column elementor-element elementor-element-2029d5ce\" data-id=\"2029d5ce\" data-element_type=\"column\" data-e-type=\"column\">\n\t\t\t<div class=\"elementor-widget-wrap elementor-element-populated\">\n\t\t\t\t\t\t<div class=\"elementor-element elementor-element-32b514db elementor-widget elementor-widget-gallery\" data-id=\"32b514db\" data-element_type=\"widget\" data-e-type=\"widget\" data-settings=\"{&quot;columns&quot;:3,&quot;columns_mobile&quot;:2,&quot;aspect_ratio&quot;:&quot;1:1&quot;,&quot;lazyload&quot;:&quot;yes&quot;,&quot;gallery_layout&quot;:&quot;grid&quot;,&quot;columns_tablet&quot;:2,&quot;gap&quot;:{&quot;unit&quot;:&quot;px&quot;,&quot;size&quot;:10,&quot;sizes&quot;:[]},&quot;gap_tablet&quot;:{&quot;unit&quot;:&quot;px&quot;,&quot;size&quot;:10,&quot;sizes&quot;:[]},&quot;gap_mobile&quot;:{&quot;unit&quot;:&quot;px&quot;,&quot;size&quot;:10,&quot;sizes&quot;:[]},&quot;link_to&quot;:&quot;file&quot;,&quot;overlay_background&quot;:&quot;yes&quot;,&quot;content_hover_animation&quot;:&quot;fade-in&quot;}\" data-widget_type=\"gallery.default\">\n\t\t\t\t\t\t\t<div class=\"elementor-gallery__container\">\n\t\t\t\t\t\t\t<a class=\"e-gallery-item elementor-gallery-item elementor-animated-content\" href=\"https:\/\/cortenart.rs\/wp-content\/uploads\/2023\/06\/Pcelica-01.jpg\" data-elementor-open-lightbox=\"yes\" data-elementor-lightbox-slideshow=\"32b514db\" data-elementor-lightbox-title=\"Pcelica - 01\" data-e-action-hash=\"#elementor-action%3Aaction%3Dlightbox%26settings%3DeyJpZCI6NzU1MCwidXJsIjoiaHR0cHM6XC9cL2NvcnRlbmFydC5yc1wvd3AtY29udGVudFwvdXBsb2Fkc1wvMjAyM1wvMDZcL1BjZWxpY2EtMDEuanBnIiwic2xpZGVzaG93IjoiMzJiNTE0ZGIifQ%3D%3D\">\n\t\t\t\t\t<div class=\"e-gallery-image elementor-gallery-item__image\" data-thumbnail=\"https:\/\/cortenart.rs\/wp-content\/uploads\/2023\/06\/Pcelica-01.jpg\" data-width=\"1984\" data-height=\"1488\" aria-label=\"\" role=\"img\" ><\/div>\n\t\t\t\t\t\t\t\t\t\t\t<div class=\"elementor-gallery-item__overlay\"><\/div>\n\t\t\t\t\t\t\t\t\t\t\t\t\t\t<\/a>\n\t\t\t\t\t\t\t<a class=\"e-gallery-item elementor-gallery-item elementor-animated-content\" href=\"https:\/\/cortenart.rs\/wp-content\/uploads\/2023\/06\/Pcelica-02.jpg\" data-elementor-open-lightbox=\"yes\" data-elementor-lightbox-slideshow=\"32b514db\" data-elementor-lightbox-title=\"Pcelica - 02\" data-e-action-hash=\"#elementor-action%3Aaction%3Dlightbox%26settings%3DeyJpZCI6NzU1MiwidXJsIjoiaHR0cHM6XC9cL2NvcnRlbmFydC5yc1wvd3AtY29udGVudFwvdXBsb2Fkc1wvMjAyM1wvMDZcL1BjZWxpY2EtMDIuanBnIiwic2xpZGVzaG93IjoiMzJiNTE0ZGIifQ%3D%3D\">\n\t\t\t\t\t<div class=\"e-gallery-image elementor-gallery-item__image\" data-thumbnail=\"https:\/\/cortenart.rs\/wp-content\/uploads\/2023\/06\/Pcelica-02.jpg\" data-width=\"1824\" data-height=\"1368\" aria-label=\"\" role=\"img\" ><\/div>\n\t\t\t\t\t\t\t\t\t\t\t<div class=\"elementor-gallery-item__overlay\"><\/div>\n\t\t\t\t\t\t\t\t\t\t\t\t\t\t<\/a>\n\t\t\t\t\t\t\t<a class=\"e-gallery-item elementor-gallery-item elementor-animated-content\" href=\"https:\/\/cortenart.rs\/wp-content\/uploads\/2023\/06\/Pcelica-03-1.jpg\" data-elementor-open-lightbox=\"yes\" data-elementor-lightbox-slideshow=\"32b514db\" data-elementor-lightbox-title=\"Pcelica - 03\" data-e-action-hash=\"#elementor-action%3Aaction%3Dlightbox%26settings%3DeyJpZCI6NzU1NCwidXJsIjoiaHR0cHM6XC9cL2NvcnRlbmFydC5yc1wvd3AtY29udGVudFwvdXBsb2Fkc1wvMjAyM1wvMDZcL1BjZWxpY2EtMDMtMS5qcGciLCJzbGlkZXNob3ciOiIzMmI1MTRkYiJ9\">\n\t\t\t\t\t<div class=\"e-gallery-image elementor-gallery-item__image\" data-thumbnail=\"https:\/\/cortenart.rs\/wp-content\/uploads\/2023\/06\/Pcelica-03-1.jpg\" data-width=\"1824\" data-height=\"1368\" aria-label=\"\" role=\"img\" ><\/div>\n\t\t\t\t\t\t\t\t\t\t\t<div class=\"elementor-gallery-item__overlay\"><\/div>\n\t\t\t\t\t\t\t\t\t\t\t\t\t\t<\/a>\n\t\t\t\t\t<\/div>\n\t\t\t\t\t<\/div>\n\t\t\t\t\t<\/div>\n\t\t<\/div>\n\t\t\t\t\t<\/div>\n\t\t<\/section>\n\t\t\t\t<\/div>\n\t\t","protected":false},"excerpt":{"rendered":"<p>https:\/\/cortenart.rs\/wp-content\/uploads\/2023\/06\/VID_20200305_135200.mp4 PLAYGROUND KINDERGARTEN PCELICA Corten Art is a socially responsible company that has demonstrated its commitment to the local community through various philanthropic initiatives. One such initiative involves the donation of two children&#8217;s playgrounds to local preschools, &#8220;Na\u0161e dete&#8221; and &#8220;Vrti\u0107 p\u010delica&#8221;.The playgrounds were specifically designed to meet the needs and safety standards of young&#8230;<\/p>\n","protected":false},"author":1,"featured_media":0,"parent":0,"menu_order":0,"comment_status":"closed","ping_status":"closed","template":"templates\/blank.php","meta":{"footnotes":""},"class_list":["post-7547","page","type-page","status-publish","hentry"],"_links":{"self":[{"href":"https:\/\/cortenart.rs\/en\/wp-json\/wp\/v2\/pages\/7547","targetHints":{"allow":["GET"]}}],"collection":[{"href":"https:\/\/cortenart.rs\/en\/wp-json\/wp\/v2\/pages"}],"about":[{"href":"https:\/\/cortenart.rs\/en\/wp-json\/wp\/v2\/types\/page"}],"author":[{"embeddable":true,"href":"https:\/\/cortenart.rs\/en\/wp-json\/wp\/v2\/users\/1"}],"replies":[{"embeddable":true,"href":"https:\/\/cortenart.rs\/en\/wp-json\/wp\/v2\/comments?post=7547"}],"version-history":[{"count":0,"href":"https:\/\/cortenart.rs\/en\/wp-json\/wp\/v2\/pages\/7547\/revisions"}],"wp:attachment":[{"href":"https:\/\/cortenart.rs\/en\/wp-json\/wp\/v2\/media?parent=7547"}],"curies":[{"name":"wp","href":"https:\/\/api.w.org\/{rel}","templated":true}]}}